{"id":633,"date":"2021-02-23T13:16:57","date_gmt":"2021-02-23T13:16:57","guid":{"rendered":"https:\/\/tttworld.com\/hizmetlerimiz\/"},"modified":"2021-03-31T09:13:06","modified_gmt":"2021-03-31T09:13:06","slug":"hizmetlerimiz","status":"publish","type":"page","link":"https:\/\/tttworld.com\/ar\/hizmetlerimiz\/","title":{"rendered":"\u062e\u062f\u0645\u0627\u062a\u0646\u0627"},"content":{"rendered":"<h2 style=\"text-align: center;\">KORONA (Covid-19) \u0130LA\u00c7LAMA<\/h2>\r\n<p class=\"lead\">Corona (Korona) Vir\u00fcs\u00fc\u2019ne kar\u015f\u0131 dezenfektan ila\u00e7lama uygulama hizmetini uzman ekibimiz ile vermekteyiz. Korona Vir\u00fcs\u00fc ila\u00e7lama, taraf\u0131m\u0131zdan Sa\u011fl\u0131k Bakanl\u0131\u011f\u0131 onayl\u0131 ve ruhsatl\u0131 dezenfektanlarla yap\u0131lmaktad\u0131r. Korona Vir\u00fcs\u00fc ila\u00e7lama, insan ve hayvan sa\u011fl\u0131\u011f\u0131na zarar\u0131 olmayan dezenfektanlarla yap\u0131l\u0131r ve yaln\u0131zca hastal\u0131k sebebi patojenleri yok eder. B\u00f6ylece ila\u00e7lama, zararl\u0131 mikroorganizmalardan kaynakl\u0131 hastal\u0131klar\u0131n olu\u015fumunu engeller.<\/p>\r\n<a class=\"button secondary is-large lowercase\" href=\"https:\/\/tttworld.com\/korona-dezenfekte\/#\" target=\"_self\" rel=\"#story noopener\">\u0130LA\u00c7LAMA HATTI : 0312 615 55 10 \/ 0552 393 05 15<\/a>\r\n\r\n&nbsp;\r\n<div id=\"col-800627171\" class=\"col medium-5 small-12 large-5\">\r\n<div class=\"col-inner\">\r\n<div id=\"banner-1128541368\" class=\"banner has-hover\">\r\n<div class=\"banner-inner fill\">\r\n<div class=\"banner-layers container\">\r\n<div id=\"text-box-1862623973\" class=\"text-box banner-layer x50 md-x50 lg-x50 y50 md-y50 lg-y50 res-text\">\r\n<div class=\"text dark\">\r\n<div class=\"text-inner text-center\">\r\n<h2 class=\"uppercase\" style=\"text-align: center;\"><strong>DEZENFEKTASYON MATR\u0130S\u0130<img loading=\"lazy\" decoding=\"async\" class=\"wp-image-105 size-full aligncenter\" src=\"https:\/\/tttworld.com\/wp-content\/uploads\/2021\/02\/dezenfkte-matrisi-983x800-1.png\" alt=\"\" width=\"983\" height=\"800\" title=\"\" srcset=\"https:\/\/tttworld.com\/wp-content\/uploads\/2021\/02\/dezenfkte-matrisi-983x800-1.png 983w, https:\/\/tttworld.com\/wp-content\/uploads\/2021\/02\/dezenfkte-matrisi-983x800-1-300x244.png 300w, https:\/\/tttworld.com\/wp-content\/uploads\/2021\/02\/dezenfkte-matrisi-983x800-1-768x625.png 768w\" sizes=\"auto, (max-width: 983px) 100vw, 983px\" \/><\/strong><\/h2>\r\n<p class=\"thin-font\">A\u015fa\u011f\u0131daki linke t\u0131klayarak dezenfektasyon matrisimizi indirip, dezenfekte yapt\u0131rmak istedi\u011finiz alanlarda ne kadar, ne s\u0131kl\u0131kla dezenfekte yapt\u0131rman\u0131z gerekti\u011fini hesaplaya bilirsiniz.<\/p>\r\n<a class=\"button white is-xlarge\" href=\"https:\/\/tttworld.com\/wp-content\/uploads\/2020\/04\/dezenfkte-matrisi.xls\" target=\"_self\" rel=\"noopener\">MATR\u0130S\u0130 \u0130ND\u0130R<\/a>\r\n\r\n&nbsp;\r\n<h2 style=\"text-align: center;\">Defenksiyon Hizmetleri Koordinasyon Merkezi<\/h2>\r\n<p style=\"text-align: left;\">Pandemik enfeksiyon kayna\u011f\u0131 Corona Vir\u00fcs ile m\u00fccadele kapsam\u0131nda; i\u015f ve ev ortamlar\u0131n\u0131n dezenfekte edilmesi \u00f6nemli bir yer tutmaktad\u0131r.<\/p>\r\n<p style=\"text-align: left;\">Bu alanda \u00fclkemizde ve d\u00fcnyada profesyonel ekiplerce ve \u00e7e\u015fitli tekniklerle pek \u00e7ok dezenfektan \u00fcr\u00fcn kullan\u0131lmaktad\u0131r.<\/p>\r\n<p style=\"text-align: left;\">Ankara\u2019da Covid 19\u2019 un i\u015f yerleri ve ya\u015fam alanlar\u0131ndan dezenfekte edilmesi i\u00e7in geli\u015ftirilen \u00dcniversite Sanayi \u0130\u015f Birli\u011fi modellerinin en etkin ve faydal\u0131 \u00f6rneklerinden biri, Ostim Teknik \u00dcniversitesi ile S\u0131la Sa\u011fl\u0131k Grubu\u2019nun Medikal \u00fcretim firmas\u0131 olan TTT WORLD aras\u0131nda ger\u00e7ekle\u015ftirilen i\u015f birli\u011fi projesidir.\r\nProje kapsam\u0131nda t\u00fcm i\u015f yerleri ya\u015fam alanlar\u0131 profesyonel, e\u011fitimli, uzman ekiplerimiz taraf\u0131ndan sertifikal\u0131 ve bakanl\u0131k\u00e7a onayl\u0131 ruhsatl\u0131 dezenfektan \u00fcr\u00fcn ve cihazlarla dezenfekte edilmektedir.<\/p>\r\n<p style=\"text-align: left;\">Bu hizmet kapsam\u0131nda dezenfekte edilen alanlar\u0131n \u00f6zelliklerine ve b\u00fcy\u00fckl\u00fcklerine \u00f6zg\u00fc \u00e7\u00f6z\u00fcmler sunulmaktad\u0131r. Kullan\u0131lan \u00fcr\u00fcnlerin insan ve \u00e7evre sa\u011fl\u0131\u011f\u0131na zarar vermeyecek kaliteli etkin \u00fcr\u00fcnler olmas\u0131 \u015fartt\u0131r.<\/p>\r\n<p style=\"text-align: left;\">Ya\u015fam alanlar\u0131n\u0131z\u0131n y\u00fcksek teknoloji ile ger\u00e7ek dezenfeksiyonu i\u00e7in l\u00fctfen bizimle irtibat kurun.<\/p>\r\n<p style=\"text-align: left;\"><strong>Bu sava\u015fta yaln\u0131z de\u011filsiniz.<\/strong><\/p>\r\n&nbsp;\r\n<h2 style=\"text-align: center;\">Yeni Nesil Dezenfektan T\u00fcm Vir\u00fcslere, Bakterilere Kar\u015f\u0131 Antibakteriyel, Antifungusit %100 Koruma<\/h2>\r\n<p style=\"text-align: left;\">Y\u00fczy\u0131l\u0131m\u0131z\u0131n yeni \u00fcretim konseptine uygun, \u00e7evreye uyumlu dezenfektan\u0131, Hipoklor\u00f6z Asit, di\u011fer ad\u0131yla Aktif Klor, geni\u015f spektruma sahip bir biositdir. G\u00fc\u00e7l\u00fcd\u00fcr, g\u00fcvenlidir ve toksik de\u011fildir. Bakteri, vir\u00fcs, mantar gibi hemen hemen her mikroorganizmay\u0131 saniyeler i\u00e7inde yok eder. Hipoklor\u00f6z Asit ( HOCL ) \u00e7\u00f6zeltisi , sahip oldu\u011fu y\u00fcksek ORP ( Oxidation Reduction Potential ) de\u011feri sayesinde Dezenfeksiyon Etkisini , Mikroorganizmalar\u0131n H\u00fccre Zar\u0131 Yap\u0131s\u0131n\u0131 Bozarak g\u00f6stermektedir. Bu \u00f6zelli\u011finden dolay\u0131 Hipoklor\u00f6z Asit , olduk\u00e7a Etkili ve Geni\u015f Spektrumlu bir Dezenfektan maddedir. Bakteriler , Vir\u00fcsler , Funguslar gibi mikroorganizmalar \u00fczerinde etkili bir Dezenfeksiyon ve Sterilizasyon i\u015flemi ger\u00e7ekle\u015ftirmektedir.<\/p>\r\n<p style=\"text-align: left;\"><a class=\"button primary is-underline lowercase\">Randevu \u0130\u00e7in : 0312 615 55 10<\/a><\/p>\r\n&nbsp;\r\n\r\n<\/div>\r\n<div class=\"container section-title-container\">\r\n<h3 class=\"section-title section-title-normal\"><span class=\"section-title-main\">DEZENFEKS\u0130YON \u00d6ZELL\u0130KLER\u0130<\/span><\/h3>\r\n<\/div>\r\n<div class=\"wpb_text_column \">\r\n<div class=\"wpb_wrapper\">\r\n\r\nDezenfeksiyon i\u015flemi i\u00e7in kullan\u0131lacak dezenfektan maddede bulunmas\u0131 gereken baz\u0131 \u00f6nemli \u00f6zellikler mevcuttur.\r\n\r\n<\/div>\r\n<\/div>\r\n<div class=\"wpb_text_column \">\r\n<div class=\"wpb_wrapper\">\r\n<ul>\r\n \t<li>Y\u00fcksek oranda dezenfekte etme \u00f6zelli\u011fi bulunmal\u0131d\u0131r.<\/li>\r\n \t<li>Koku ve leke b\u0131rakmamal\u0131d\u0131r.<\/li>\r\n \t<li>Mikrop, vir\u00fcs gibi zararl\u0131lar\u0131 \u00f6ld\u00fcr\u00fcc\u00fc \u00f6zelli\u011fi olmal\u0131d\u0131r.<\/li>\r\n \t<li>Kal\u0131nt\u0131 b\u0131rakmamal\u0131 ve ekosistem dengesini korumal\u0131d\u0131r.<\/li>\r\n \t<li>Solunum yollar\u0131n\u0131 ve cildi tahri\u015f etmemelidir.<\/li>\r\n \t<li>\u0130nsan ve hayvanlar\u0131 etkileyen vir\u00fcs ailesine kar\u015f\u0131 etkili olmal\u0131d\u0131r.<\/li>\r\n \t<li>Evcil hayvanlara zarar vermemelidir.<\/li>\r\n \t<li>Y\u00fczey, s\u0131cak, so\u011fuk vs. fark etmeksizin etkili olmal\u0131d\u0131r.<\/li>\r\n \t<li>Geni\u015f etki spektrumlu olmal\u0131d\u0131r.<\/li>\r\n \t<li>ULV cihazlar\u0131na ya da spreyleme y\u00f6ntemlerine uyumlu olmal\u0131d\u0131r.<\/li>\r\n<\/ul>\r\n<\/div>\r\n<\/div>\r\n<\/div>\r\n<\/div>\r\n<\/div>\r\n<\/div>\r\n<\/div>\r\n<\/div>\r\n<\/div>\r\n<div id=\"col-391679872\" class=\"col medium-7 small-12 large-7\">\r\n<div class=\"col-inner\">\r\n<div id=\"banner-1620625703\" class=\"banner has-hover\">\r\n<div class=\"banner-inner fill\">\r\n<div class=\"banner-bg fill\">\r\n<div class=\"bg fill bg-fill bg-loaded\"><\/div>\r\n<\/div>\r\n<div class=\"banner-layers container\"><\/div>\r\n<\/div>\r\n<\/div>\r\n<\/div>\r\n<\/div>","protected":false},"excerpt":{"rendered":"KORONA (Covid-19) \u0130LA\u00c7LAMA Corona (Korona) Vir\u00fcs\u00fc\u2019ne kar\u015f\u0131 dezenfektan ila\u00e7lama uygulama hizmetini uzman ekibimiz ile vermekteyiz. Korona Vir\u00fcs\u00fc ila\u00e7lama, taraf\u0131m\u0131zdan Sa\u011fl\u0131k [&hellip;]","protected":false},"author":1,"featured_media":0,"parent":0,"menu_order":0,"comment_status":"closed","ping_status":"closed","template":"","meta":{"_acf_changed":false,"footnotes":""},"class_list":["post-633","page","type-page","status-publish","hentry"],"acf":[],"rankMath":{"parentDomain":"tttworld.com","noFollowDomains":[],"noFollowExcludeDomains":[],"noFollowExternalLinks":false,"featuredImageNotice":"\u064a\u062c\u0628 \u0623\u0646 \u064a\u0643\u0648\u0646 \u062d\u062c\u0645 \u0627\u0644\u0635\u0648\u0631\u0629 \u0627\u0644\u0645\u0645\u064a\u0632\u0629 200 \u00d7 200 \u0628\u0643\u0633\u0644 \u0639\u0644\u0649 \u0627\u0644\u0623\u0642\u0644 \u0644\u064a\u062a\u0645 \u0627\u0644\u062a\u0642\u0627\u0637\u0647\u0627 \u0628\u0648\u0627\u0633\u0637\u0629 Facebook \u0648\u0645\u0648\u0627\u0642\u0639 \u0627\u0644\u062a\u0648\u0627\u0635\u0644 \u0627\u0644\u0627\u062c\u062a\u0645\u0627\u0639\u064a \u0627\u0644\u0623\u062e\u0631\u0649.","pluginReviewed":true,"postSettings":{"linkSuggestions":true,"useFocusKeyword":false},"frontEndScore":false,"postName":"hizmetlerimiz","permalinkFormat":"https:\/\/tttworld.com\/ar\/%pagename%\/","showLockModifiedDate":true,"assessor":{"focusKeywordLink":"https:\/\/tttworld.com\/wp-admin\/edit.php?focus_keyword=%focus_keyword%&post_type=%post_type%","hasTOCPlugin":{"easy-table-of-contents\/easy-table-of-contents.php":"Easy Table of Contents"},"primaryTaxonomy":false,"serpData":{"title":"","description":"","focusKeywords":"","pillarContent":false,"canonicalUrl":"","breadcrumbTitle":"","advancedRobots":{"max-snippet":"-1","max-video-preview":"-1","max-image-preview":"large"},"facebookTitle":"","facebookDescription":"","facebookImage":"","facebookImageID":"","facebookHasOverlay":false,"facebookImageOverlay":"","facebookAuthor":"","twitterCardType":"","twitterUseFacebook":true,"twitterTitle":"","twitterDescription":"","twitterImage":"","twitterImageID":"","twitterHasOverlay":false,"twitterImageOverlay":"","twitterPlayerUrl":"","twitterPlayerSize":"","twitterPlayerStream":"","twitterPlayerStreamCtype":"","twitterAppDescription":"","twitterAppIphoneName":"","twitterAppIphoneID":"","twitterAppIphoneUrl":"","twitterAppIpadName":"","twitterAppIpadID":"","twitterAppIpadUrl":"","twitterAppGoogleplayName":"","twitterAppGoogleplayID":"","twitterAppGoogleplayUrl":"","twitterAppCountry":"","robots":{"index":true},"twitterAuthor":"\u0627\u0633\u0645 \u0627\u0644\u0645\u0633\u062a\u062e\u062f\u0645","primaryTerm":0,"authorName":"admin","titleTemplate":"%title% %page% %sep% %sitename%","descriptionTemplate":"%excerpt%","showScoreFrontend":true,"lockModifiedDate":false},"powerWords":[],"diacritics":{"A":"[\\u0041\\u24B6\\uFF21\\u00C0\\u00C1\\u00C2\\u1EA6\\u1EA4\\u1EAA\\u1EA8\\u00C3\\u0100\\u0102\\u1EB0\\u1EAE\\u1EB4\\u1EB2\\u0226\\u01E0\\u00C4\\u01DE\\u1EA2\\u00C5\\u01FA\\u01CD\\u0200\\u0202\\u1EA0\\u1EAC\\u1EB6\\u1E00\\u0104\\u023A\\u2C6F]","AA":"[\\uA732]","AE":"[\\u00C6\\u01FC\\u01E2]","AO":"[\\uA734]","AU":"[\\uA736]","AV":"[\\uA738\\uA73A]","AY":"[\\uA73C]","B":"[\\u0042\\u24B7\\uFF22\\u1E02\\u1E04\\u1E06\\u0243\\u0182\\u0181]","C":"[\\u0043\\u24B8\\uFF23\\u0106\\u0108\\u010A\\u010C\\u00C7\\u1E08\\u0187\\u023B\\uA73E]","D":"[\\u0044\\u24B9\\uFF24\\u1E0A\\u010E\\u1E0C\\u1E10\\u1E12\\u1E0E\\u0110\\u018B\\u018A\\u0189\\uA779]","DZ":"[\\u01F1\\u01C4]","Dz":"[\\u01F2\\u01C5]","E":"[\\u0045\\u24BA\\uFF25\\u00C8\\u00C9\\u00CA\\u1EC0\\u1EBE\\u1EC4\\u1EC2\\u1EBC\\u0112\\u1E14\\u1E16\\u0114\\u0116\\u00CB\\u1EBA\\u011A\\u0204\\u0206\\u1EB8\\u1EC6\\u0228\\u1E1C\\u0118\\u1E18\\u1E1A\\u0190\\u018E]","F":"[\\u0046\\u24BB\\uFF26\\u1E1E\\u0191\\uA77B]","G":"[\\u0047\\u24BC\\uFF27\\u01F4\\u011C\\u1E20\\u011E\\u0120\\u01E6\\u0122\\u01E4\\u0193\\uA7A0\\uA77D\\uA77E]","H":"[\\u0048\\u24BD\\uFF28\\u0124\\u1E22\\u1E26\\u021E\\u1E24\\u1E28\\u1E2A\\u0126\\u2C67\\u2C75\\uA78D]","I":"[\\u0049\\u24BE\\uFF29\\u00CC\\u00CD\\u00CE\\u0128\\u012A\\u012C\\u0130\\u00CF\\u1E2E\\u1EC8\\u01CF\\u0208\\u020A\\u1ECA\\u012E\\u1E2C\\u0197]","J":"[\\u004A\\u24BF\\uFF2A\\u0134\\u0248]","K":"[\\u004B\\u24C0\\uFF2B\\u1E30\\u01E8\\u1E32\\u0136\\u1E34\\u0198\\u2C69\\uA740\\uA742\\uA744\\uA7A2]","L":"[\\u004C\\u24C1\\uFF2C\\u013F\\u0139\\u013D\\u1E36\\u1E38\\u013B\\u1E3C\\u1E3A\\u0141\\u023D\\u2C62\\u2C60\\uA748\\uA746\\uA780]","LJ":"[\\u01C7]","Lj":"[\\u01C8]","M":"[\\u004D\\u24C2\\uFF2D\\u1E3E\\u1E40\\u1E42\\u2C6E\\u019C]","N":"[\\u004E\\u24C3\\uFF2E\\u01F8\\u0143\\u00D1\\u1E44\\u0147\\u1E46\\u0145\\u1E4A\\u1E48\\u0220\\u019D\\uA790\\uA7A4]","NJ":"[\\u01CA]","Nj":"[\\u01CB]","O":"[\\u004F\\u24C4\\uFF2F\\u00D2\\u00D3\\u00D4\\u1ED2\\u1ED0\\u1ED6\\u1ED4\\u00D5\\u1E4C\\u022C\\u1E4E\\u014C\\u1E50\\u1E52\\u014E\\u022E\\u0230\\u00D6\\u022A\\u1ECE\\u0150\\u01D1\\u020C\\u020E\\u01A0\\u1EDC\\u1EDA\\u1EE0\\u1EDE\\u1EE2\\u1ECC\\u1ED8\\u01EA\\u01EC\\u00D8\\u01FE\\u0186\\u019F\\uA74A\\uA74C]","OI":"[\\u01A2]","OO":"[\\uA74E]","OU":"[\\u0222]","P":"[\\u0050\\u24C5\\uFF30\\u1E54\\u1E56\\u01A4\\u2C63\\uA750\\uA752\\uA754]","Q":"[\\u0051\\u24C6\\uFF31\\uA756\\uA758\\u024A]","R":"[\\u0052\\u24C7\\uFF32\\u0154\\u1E58\\u0158\\u0210\\u0212\\u1E5A\\u1E5C\\u0156\\u1E5E\\u024C\\u2C64\\uA75A\\uA7A6\\uA782]","S":"[\\u0053\\u24C8\\uFF33\\u1E9E\\u015A\\u1E64\\u015C\\u1E60\\u0160\\u1E66\\u1E62\\u1E68\\u0218\\u015E\\u2C7E\\uA7A8\\uA784]","T":"[\\u0054\\u24C9\\uFF34\\u1E6A\\u0164\\u1E6C\\u021A\\u0162\\u1E70\\u1E6E\\u0166\\u01AC\\u01AE\\u023E\\uA786]","TZ":"[\\uA728]","U":"[\\u0055\\u24CA\\uFF35\\u00D9\\u00DA\\u00DB\\u0168\\u1E78\\u016A\\u1E7A\\u016C\\u00DC\\u01DB\\u01D7\\u01D5\\u01D9\\u1EE6\\u016E\\u0170\\u01D3\\u0214\\u0216\\u01AF\\u1EEA\\u1EE8\\u1EEE\\u1EEC\\u1EF0\\u1EE4\\u1E72\\u0172\\u1E76\\u1E74\\u0244]","V":"[\\u0056\\u24CB\\uFF36\\u1E7C\\u1E7E\\u01B2\\uA75E\\u0245]","VY":"[\\uA760]","W":"[\\u0057\\u24CC\\uFF37\\u1E80\\u1E82\\u0174\\u1E86\\u1E84\\u1E88\\u2C72]","X":"[\\u0058\\u24CD\\uFF38\\u1E8A\\u1E8C]","Y":"[\\u0059\\u24CE\\uFF39\\u1EF2\\u00DD\\u0176\\u1EF8\\u0232\\u1E8E\\u0178\\u1EF6\\u1EF4\\u01B3\\u024E\\u1EFE]","Z":"[\\u005A\\u24CF\\uFF3A\\u0179\\u1E90\\u017B\\u017D\\u1E92\\u1E94\\u01B5\\u0224\\u2C7F\\u2C6B\\uA762]","a":"[\\u0061\\u24D0\\uFF41\\u1E9A\\u00E0\\u00E1\\u00E2\\u1EA7\\u1EA5\\u1EAB\\u1EA9\\u00E3\\u0101\\u0103\\u1EB1\\u1EAF\\u1EB5\\u1EB3\\u0227\\u01E1\\u00E4\\u01DF\\u1EA3\\u00E5\\u01FB\\u01CE\\u0201\\u0203\\u1EA1\\u1EAD\\u1EB7\\u1E01\\u0105\\u2C65\\u0250]","aa":"[\\uA733]","ae":"[\\u00E6\\u01FD\\u01E3]","ao":"[\\uA735]","au":"[\\uA737]","av":"[\\uA739\\uA73B]","ay":"[\\uA73D]","b":"[\\u0062\\u24D1\\uFF42\\u1E03\\u1E05\\u1E07\\u0180\\u0183\\u0253]","c":"[\\u0063\\u24D2\\uFF43\\u0107\\u0109\\u010B\\u010D\\u00E7\\u1E09\\u0188\\u023C\\uA73F\\u2184]","d":"[\\u0064\\u24D3\\uFF44\\u1E0B\\u010F\\u1E0D\\u1E11\\u1E13\\u1E0F\\u0111\\u018C\\u0256\\u0257\\uA77A]","dz":"[\\u01F3\\u01C6]","e":"[\\u0065\\u24D4\\uFF45\\u00E8\\u00E9\\u00EA\\u1EC1\\u1EBF\\u1EC5\\u1EC3\\u1EBD\\u0113\\u1E15\\u1E17\\u0115\\u0117\\u00EB\\u1EBB\\u011B\\u0205\\u0207\\u1EB9\\u1EC7\\u0229\\u1E1D\\u0119\\u1E19\\u1E1B\\u0247\\u025B\\u01DD]","f":"[\\u0066\\u24D5\\uFF46\\u1E1F\\u0192\\uA77C]","g":"[\\u0067\\u24D6\\uFF47\\u01F5\\u011D\\u1E21\\u011F\\u0121\\u01E7\\u0123\\u01E5\\u0260\\uA7A1\\u1D79\\uA77F]","h":"[\\u0068\\u24D7\\uFF48\\u0125\\u1E23\\u1E27\\u021F\\u1E25\\u1E29\\u1E2B\\u1E96\\u0127\\u2C68\\u2C76\\u0265]","hv":"[\\u0195]","i":"[\\u0069\\u24D8\\uFF49\\u00EC\\u00ED\\u00EE\\u0129\\u012B\\u012D\\u00EF\\u1E2F\\u1EC9\\u01D0\\u0209\\u020B\\u1ECB\\u012F\\u1E2D\\u0268\\u0131]","j":"[\\u006A\\u24D9\\uFF4A\\u0135\\u01F0\\u0249]","k":"[\\u006B\\u24DA\\uFF4B\\u1E31\\u01E9\\u1E33\\u0137\\u1E35\\u0199\\u2C6A\\uA741\\uA743\\uA745\\uA7A3]","l":"[\\u006C\\u24DB\\uFF4C\\u0140\\u013A\\u013E\\u1E37\\u1E39\\u013C\\u1E3D\\u1E3B\\u017F\\u0142\\u019A\\u026B\\u2C61\\uA749\\uA781\\uA747]","lj":"[\\u01C9]","m":"[\\u006D\\u24DC\\uFF4D\\u1E3F\\u1E41\\u1E43\\u0271\\u026F]","n":"[\\u006E\\u24DD\\uFF4E\\u01F9\\u0144\\u00F1\\u1E45\\u0148\\u1E47\\u0146\\u1E4B\\u1E49\\u019E\\u0272\\u0149\\uA791\\uA7A5]","nj":"[\\u01CC]","o":"[\\u006F\\u24DE\\uFF4F\\u00F2\\u00F3\\u00F4\\u1ED3\\u1ED1\\u1ED7\\u1ED5\\u00F5\\u1E4D\\u022D\\u1E4F\\u014D\\u1E51\\u1E53\\u014F\\u022F\\u0231\\u00F6\\u022B\\u1ECF\\u0151\\u01D2\\u020D\\u020F\\u01A1\\u1EDD\\u1EDB\\u1EE1\\u1EDF\\u1EE3\\u1ECD\\u1ED9\\u01EB\\u01ED\\u00F8\\u01FF\\u0254\\uA74B\\uA74D\\u0275]","oi":"[\\u01A3]","ou":"[\\u0223]","oo":"[\\uA74F]","p":"[\\u0070\\u24DF\\uFF50\\u1E55\\u1E57\\u01A5\\u1D7D\\uA751\\uA753\\uA755]","q":"[\\u0071\\u24E0\\uFF51\\u024B\\uA757\\uA759]","r":"[\\u0072\\u24E1\\uFF52\\u0155\\u1E59\\u0159\\u0211\\u0213\\u1E5B\\u1E5D\\u0157\\u1E5F\\u024D\\u027D\\uA75B\\uA7A7\\uA783]","s":"[\\u0073\\u24E2\\uFF53\\u015B\\u1E65\\u015D\\u1E61\\u0161\\u1E67\\u1E63\\u1E69\\u0219\\u015F\\u023F\\uA7A9\\uA785\\u1E9B]","ss":"[\\u00DF]","t":"[\\u0074\\u24E3\\uFF54\\u1E6B\\u1E97\\u0165\\u1E6D\\u021B\\u0163\\u1E71\\u1E6F\\u0167\\u01AD\\u0288\\u2C66\\uA787]","tz":"[\\uA729]","u":"[\\u0075\\u24E4\\uFF55\\u00F9\\u00FA\\u00FB\\u0169\\u1E79\\u016B\\u1E7B\\u016D\\u00FC\\u01DC\\u01D8\\u01D6\\u01DA\\u1EE7\\u016F\\u0171\\u01D4\\u0215\\u0217\\u01B0\\u1EEB\\u1EE9\\u1EEF\\u1EED\\u1EF1\\u1EE5\\u1E73\\u0173\\u1E77\\u1E75\\u0289]","v":"[\\u0076\\u24E5\\uFF56\\u1E7D\\u1E7F\\u028B\\uA75F\\u028C]","vy":"[\\uA761]","w":"[\\u0077\\u24E6\\uFF57\\u1E81\\u1E83\\u0175\\u1E87\\u1E85\\u1E98\\u1E89\\u2C73]","x":"[\\u0078\\u24E7\\uFF58\\u1E8B\\u1E8D]","y":"[\\u0079\\u24E8\\uFF59\\u1EF3\\u00FD\\u0177\\u1EF9\\u0233\\u1E8F\\u00FF\\u1EF7\\u1E99\\u1EF5\\u01B4\\u024F\\u1EFF]","z":"[\\u007A\\u24E9\\uFF5A\\u017A\\u1E91\\u017C\\u017E\\u1E93\\u1E95\\u01B6\\u0225\\u0240\\u2C6C\\uA763]"},"researchesTests":["contentHasTOC","contentHasShortParagraphs","contentHasAssets","keywordInTitle","keywordInMetaDescription","keywordInPermalink","keywordIn10Percent","keywordInContent","keywordInSubheadings","keywordInImageAlt","keywordDensity","keywordNotUsed","lengthContent","lengthPermalink","linksHasInternal","linksHasExternals","linksNotAllExternals","titleStartWithKeyword","titleSentiment","titleHasPowerWords","titleHasNumber","hasContentAI"],"hasRedirection":true,"hasBreadcrumb":true},"homeUrl":"https:\/\/tttworld.com\/ar\/","objectID":633,"objectType":"post","locale":"ar","localeFull":"ar","overlayImages":{"play":{"name":"\u0623\u064a\u0642\u0648\u0646\u0629 \u0627\u0644\u062a\u0634\u063a\u064a\u0644","url":"https:\/\/tttworld.com\/wp-content\/plugins\/seo-by-rank-math\/assets\/admin\/img\/icon-play.png","path":"\/home\/tttworld2\/public_html\/wp-content\/plugins\/seo-by-rank-math\/assets\/admin\/img\/icon-play.png","position":"middle_center"},"gif":{"name":"\u0623\u064a\u0642\u0648\u0646\u0629 GIF","url":"https:\/\/tttworld.com\/wp-content\/plugins\/seo-by-rank-math\/assets\/admin\/img\/icon-gif.png","path":"\/home\/tttworld2\/public_html\/wp-content\/plugins\/seo-by-rank-math\/assets\/admin\/img\/icon-gif.png","position":"middle_center"}},"defautOgImage":"https:\/\/tttworld.com\/wp-content\/plugins\/seo-by-rank-math\/assets\/admin\/img\/social-placeholder.jpg","customPermalinks":true,"isUserRegistered":false,"autoSuggestKeywords":false,"connectSiteUrl":"https:\/\/rankmath.com\/auth?site=https%3A%2F%2Ftttworld.com%2Far%2F&r=https%3A%2F%2Ftttworld.com%2Far%2Fwp-json%2Fwp%2Fv2%2Fpages%2F633%3Fnonce%3D572ae0dcd7","maxTags":5,"trendsIcon":"<svg viewBox=\"0 0 610 610\"><path d=\"M18.85,446,174.32,290.48l58.08,58.08L76.93,504a14.54,14.54,0,0,1-20.55,0L18.83,466.48a14.54,14.54,0,0,1,0-20.55Z\" style=\"fill:#4285f4\"\/><path d=\"M242.65,242.66,377.59,377.6l-47.75,47.75a14.54,14.54,0,0,1-20.55,0L174.37,290.43l47.75-47.75A14.52,14.52,0,0,1,242.65,242.66Z\" style=\"fill:#ea4335\"\/><polygon points=\"319.53 319.53 479.26 159.8 537.34 217.88 377.61 377.62 319.53 319.53\" style=\"fill:#fabb05\"\/><path d=\"M594.26,262.73V118.61h0a16.94,16.94,0,0,0-16.94-16.94H433.2a16.94,16.94,0,0,0-12,28.92L565.34,274.71h0a16.94,16.94,0,0,0,28.92-12Z\" style=\"fill:#34a853\"\/><rect width=\"610\" height=\"610\" style=\"fill:none\"\/><\/svg>","showScore":true,"siteFavIcon":"data:image\/png;base64,iVBORw0KGgoAAAANSUhEUgAAABAAAAAQCAYAAAAf8\/9hAAABs0lEQVR4AWL4\/\/8\/RRjO8Iucx+noO0MWUDo16FYABMGP6ZfUcRnWtm27jVPbtm3bttuH2t3eFPcY9pLz7NxiLjCyVd87pKnHyqXyxtCs8APd0rnyxiu4qSeA3QEDrAwBDrT1s1Rc\/OrjLZwqVmOSu6+Lamcpp2KKMA9PH1BYXMe1mUP5qotvXTywsOEEYHXxrY+3cqk6TMkYpNr2FeoY3KIr0RPtn9wQ2unlA+GMkRw6+9TFw4YTwDUzx\/JVvARj9KaedXRO8P5B1Du2S32smzqUrcKGEyA+uAgQjKX7zf0boWHGfn71jIKj2689gxp7OAGShNcBUmLMPVjZuiKcA2vuWHHDCQxMCz629kXAIU4ApY15QwggAFbfOP9DhgBJ+nWVJ1AZAfICAj1pAlY6hCADZnveQf7bQIwzVONGJonhLIlS9gr5mFg44Xd+4S3XHoGNPdJl1INIwKyEgHckEhgTe1bGiFY9GSFBYUwLh1IkiJUbY407E7syBSFxKTszEoiE\/YdrgCEayDmtaJwCI9uu8TKMuZSVfSa4BpGgzvomBR\/INhLGzrqDotp01ZR8pn\/1L0JN9d9XNyx0AAAAAElFTkSuQmCC","canUser":{"general":false,"advanced":false,"snippet":false,"social":false,"analysis":false,"analytics":false,"content_ai":false},"isPro":false,"is_front_page":false,"trendsUpgradeLink":"https:\/\/rankmath.com\/pricing\/?utm_source=Plugin&utm_medium=CE%20General%20Tab%20Trends&utm_campaign=WP","trendsUpgradeLabel":"\u062a\u0631\u0642\u064a\u0629","trendsPreviewImage":"https:\/\/tttworld.com\/wp-content\/plugins\/seo-by-rank-math\/assets\/admin\/img\/trends-preview.jpg","currentEditor":false,"homepageData":{"assessor":{"powerWords":[],"diacritics":true,"researchesTests":["contentHasTOC","contentHasShortParagraphs","contentHasAssets","keywordInTitle","keywordInMetaDescription","keywordInPermalink","keywordIn10Percent","keywordInContent","keywordInSubheadings","keywordInImageAlt","keywordDensity","keywordNotUsed","lengthContent","lengthPermalink","linksHasInternal","linksHasExternals","linksNotAllExternals","titleStartWithKeyword","titleSentiment","titleHasPowerWords","titleHasNumber","hasContentAI"],"hasBreadcrumb":true,"serpData":{"title":"TTT World | Enjekt\u00f6r, Kan T\u00fcp\u00fc, Serum Seti Teknolojileri Fabrikas\u0131","description":"T\u00fcrkiye'nin milli ve yerli kan t\u00fcp\u00fc, enjekt\u00f6r, serum seti ve medikal malzeme \u00fcreticisi. Y\u00fcksek teknoloji ve bilimsel \u00fcretim Fabrikas\u0131!","titleTemplate":"%sitename% %page% %sep% %sitedesc%","descriptionTemplate":"","focusKeywords":"","breadcrumbTitle":"Anasayfa","robots":{"index":true},"advancedRobots":{"max-snippet":"-1","max-video-preview":"-1","max-image-preview":"large"},"facebookTitle":"","facebookDescription":"","facebookImage":"","facebookImageID":""}}},"tocTitle":"Table of Contents","tocExcludeHeadings":[],"listStyle":"ul"},"_links":{"self":[{"href":"https:\/\/tttworld.com\/ar\/wp-json\/wp\/v2\/pages\/633","targetHints":{"allow":["GET"]}}],"collection":[{"href":"https:\/\/tttworld.com\/ar\/wp-json\/wp\/v2\/pages"}],"about":[{"href":"https:\/\/tttworld.com\/ar\/wp-json\/wp\/v2\/types\/page"}],"author":[{"embeddable":true,"href":"https:\/\/tttworld.com\/ar\/wp-json\/wp\/v2\/users\/1"}],"replies":[{"embeddable":true,"href":"https:\/\/tttworld.com\/ar\/wp-json\/wp\/v2\/comments?post=633"}],"version-history":[{"count":1,"href":"https:\/\/tttworld.com\/ar\/wp-json\/wp\/v2\/pages\/633\/revisions"}],"predecessor-version":[{"id":643,"href":"https:\/\/tttworld.com\/ar\/wp-json\/wp\/v2\/pages\/633\/revisions\/643"}],"wp:attachment":[{"href":"https:\/\/tttworld.com\/ar\/wp-json\/wp\/v2\/media?parent=633"}],"curies":[{"name":"wp","href":"https:\/\/api.w.org\/{rel}","templated":true}]}}